{"id":40,"date":"2021-05-07T17:10:08","date_gmt":"2021-05-07T17:10:08","guid":{"rendered":"http:\/\/pci-internationalconsulting.com\/newsletter\/"},"modified":"2021-05-07T17:10:08","modified_gmt":"2021-05-07T17:10:08","slug":"newsletter","status":"publish","type":"page","link":"https:\/\/pci-internationalconsulting.com\/en\/newsletter\/","title":{"rendered":"Newsletter"},"content":{"rendered":"<p><div class=\"tnp tnp-subscription\">\n<form method=\"post\" action=\"https:\/\/pci-internationalconsulting.com\/en\/?na=s\" data-trp-original-action=\"https:\/\/pci-internationalconsulting.com\/en\/?na=s\">\n\n<input type=\"hidden\" name=\"nlang\" value=\"\"><div class=\"tnp-field tnp-field-email\"><label for=\"tnp-1\">Adresse e-mail<\/label>\n<input class=\"tnp-email\" type=\"email\" name=\"ne\" id=\"tnp-1\" value=\"\" required><\/div>\n<div class=\"tnp-field tnp-field-button\"><input class=\"tnp-submit\" type=\"submit\" value=\"Submit\" >\n<\/div>\n<input type=\"hidden\" name=\"trp-form-language\" value=\"en\"\/><\/form>\n<\/div>\n<\/p>","protected":false},"excerpt":{"rendered":"","protected":false},"author":1,"featured_media":0,"parent":0,"menu_order":0,"comment_status":"closed","ping_status":"closed","template":"","meta":{"footnotes":""},"class_list":["post-40","page","type-page","status-publish","hentry"],"yoast_head":"<!-- This site is optimized with the Yoast SEO plugin v20.13 - https:\/\/yoast.com\/wordpress\/plugins\/seo\/ -->\n<title>Newsletter | PCI International Consulting &amp; Services<\/title>\n<meta name=\"robots\" content=\"index, follow, max-snippet:-1, max-image-preview:large, max-video-preview:-1\" \/>\n<link rel=\"canonical\" href=\"https:\/\/pci-internationalconsulting.com\/en\/newsletter\/\" \/>\n<meta property=\"og:locale\" content=\"en_US\" \/>\n<meta property=\"og:type\" content=\"article\" \/>\n<meta property=\"og:title\" content=\"Newsletter | PCI International Consulting &amp; Services\" \/>\n<meta property=\"og:url\" content=\"https:\/\/pci-internationalconsulting.com\/en\/newsletter\/\" \/>\n<meta property=\"og:site_name\" content=\"PCI International Consulting &amp; Services\" \/>\n<meta name=\"twitter:card\" content=\"summary_large_image\" \/>\n<script type=\"application\/ld+json\" class=\"yoast-schema-graph\">{\"@context\":\"https:\/\/schema.org\",\"@graph\":[{\"@type\":\"WebPage\",\"@id\":\"https:\/\/pci-internationalconsulting.com\/newsletter\/\",\"url\":\"https:\/\/pci-internationalconsulting.com\/newsletter\/\",\"name\":\"Newsletter | PCI International Consulting &amp; Services\",\"isPartOf\":{\"@id\":\"https:\/\/pci-internationalconsulting.com\/#website\"},\"datePublished\":\"2021-05-07T17:10:08+00:00\",\"dateModified\":\"2021-05-07T17:10:08+00:00\",\"breadcrumb\":{\"@id\":\"https:\/\/pci-internationalconsulting.com\/newsletter\/#breadcrumb\"},\"inLanguage\":\"en-US\",\"potentialAction\":[{\"@type\":\"ReadAction\",\"target\":[\"https:\/\/pci-internationalconsulting.com\/newsletter\/\"]}]},{\"@type\":\"BreadcrumbList\",\"@id\":\"https:\/\/pci-internationalconsulting.com\/newsletter\/#breadcrumb\",\"itemListElement\":[{\"@type\":\"ListItem\",\"position\":1,\"name\":\"Accueil\",\"item\":\"https:\/\/pci-internationalconsulting.com\/\"},{\"@type\":\"ListItem\",\"position\":2,\"name\":\"Newsletter\"}]},{\"@type\":\"WebSite\",\"@id\":\"https:\/\/pci-internationalconsulting.com\/#website\",\"url\":\"https:\/\/pci-internationalconsulting.com\/\",\"name\":\"PCI International Consulting &amp; Services\",\"description\":\"Le Cabinet P.C.I. International Consulting &amp; Services est un cabinet sp\u00e9cialis\u00e9 en comp\u00e9titivit\u00e9 \u00e9conomique, entrepreneuriat, gouvernance et d\u00e9veloppement international (Coop\u00e9ration au d\u00e9veloppement).\",\"publisher\":{\"@id\":\"https:\/\/pci-internationalconsulting.com\/#organization\"},\"potentialAction\":[{\"@type\":\"SearchAction\",\"target\":{\"@type\":\"EntryPoint\",\"urlTemplate\":\"https:\/\/pci-internationalconsulting.com\/?s={search_term_string}\"},\"query-input\":\"required name=search_term_string\"}],\"inLanguage\":\"en-US\"},{\"@type\":\"Organization\",\"@id\":\"https:\/\/pci-internationalconsulting.com\/#organization\",\"name\":\"PCI International Consulting\",\"url\":\"https:\/\/pci-internationalconsulting.com\/\",\"logo\":{\"@type\":\"ImageObject\",\"inLanguage\":\"en-US\",\"@id\":\"https:\/\/pci-internationalconsulting.com\/#\/schema\/logo\/image\/\",\"url\":\"http:\/\/pci-internationalconsulting.com\/wp-content\/uploads\/2021\/04\/cropped-Groupe-11-1.png\",\"contentUrl\":\"http:\/\/pci-internationalconsulting.com\/wp-content\/uploads\/2021\/04\/cropped-Groupe-11-1.png\",\"width\":512,\"height\":512,\"caption\":\"PCI International Consulting\"},\"image\":{\"@id\":\"https:\/\/pci-internationalconsulting.com\/#\/schema\/logo\/image\/\"}}]}<\/script>\n<!-- \/ Yoast SEO plugin. -->","yoast_head_json":{"title":"Newsletter | PCI International Consulting &amp; Services","robots":{"index":"index","follow":"follow","max-snippet":"max-snippet:-1","max-image-preview":"max-image-preview:large","max-video-preview":"max-video-preview:-1"},"canonical":"https:\/\/pci-internationalconsulting.com\/en\/newsletter\/","og_locale":"en_US","og_type":"article","og_title":"Newsletter | PCI International Consulting &amp; Services","og_url":"https:\/\/pci-internationalconsulting.com\/en\/newsletter\/","og_site_name":"PCI International Consulting &amp; Services","twitter_card":"summary_large_image","schema":{"@context":"https:\/\/schema.org","@graph":[{"@type":"WebPage","@id":"https:\/\/pci-internationalconsulting.com\/newsletter\/","url":"https:\/\/pci-internationalconsulting.com\/newsletter\/","name":"Newsletter | PCI International Consulting &amp; Services","isPartOf":{"@id":"https:\/\/pci-internationalconsulting.com\/#website"},"datePublished":"2021-05-07T17:10:08+00:00","dateModified":"2021-05-07T17:10:08+00:00","breadcrumb":{"@id":"https:\/\/pci-internationalconsulting.com\/newsletter\/#breadcrumb"},"inLanguage":"en-US","potentialAction":[{"@type":"ReadAction","target":["https:\/\/pci-internationalconsulting.com\/newsletter\/"]}]},{"@type":"BreadcrumbList","@id":"https:\/\/pci-internationalconsulting.com\/newsletter\/#breadcrumb","itemListElement":[{"@type":"ListItem","position":1,"name":"Accueil","item":"https:\/\/pci-internationalconsulting.com\/"},{"@type":"ListItem","position":2,"name":"Newsletter"}]},{"@type":"WebSite","@id":"https:\/\/pci-internationalconsulting.com\/#website","url":"https:\/\/pci-internationalconsulting.com\/","name":"PCI International Consulting &amp; Services","description":"Le Cabinet P.C.I. International Consulting &amp; Services est un cabinet sp\u00e9cialis\u00e9 en comp\u00e9titivit\u00e9 \u00e9conomique, entrepreneuriat, gouvernance et d\u00e9veloppement international (Coop\u00e9ration au d\u00e9veloppement).","publisher":{"@id":"https:\/\/pci-internationalconsulting.com\/#organization"},"potentialAction":[{"@type":"SearchAction","target":{"@type":"EntryPoint","urlTemplate":"https:\/\/pci-internationalconsulting.com\/?s={search_term_string}"},"query-input":"required name=search_term_string"}],"inLanguage":"en-US"},{"@type":"Organization","@id":"https:\/\/pci-internationalconsulting.com\/#organization","name":"PCI International Consulting","url":"https:\/\/pci-internationalconsulting.com\/","logo":{"@type":"ImageObject","inLanguage":"en-US","@id":"https:\/\/pci-internationalconsulting.com\/#\/schema\/logo\/image\/","url":"http:\/\/pci-internationalconsulting.com\/wp-content\/uploads\/2021\/04\/cropped-Groupe-11-1.png","contentUrl":"http:\/\/pci-internationalconsulting.com\/wp-content\/uploads\/2021\/04\/cropped-Groupe-11-1.png","width":512,"height":512,"caption":"PCI International Consulting"},"image":{"@id":"https:\/\/pci-internationalconsulting.com\/#\/schema\/logo\/image\/"}}]}},"_links":{"self":[{"href":"https:\/\/pci-internationalconsulting.com\/en\/wp-json\/wp\/v2\/pages\/40","targetHints":{"allow":["GET"]}}],"collection":[{"href":"https:\/\/pci-internationalconsulting.com\/en\/wp-json\/wp\/v2\/pages"}],"about":[{"href":"https:\/\/pci-internationalconsulting.com\/en\/wp-json\/wp\/v2\/types\/page"}],"author":[{"embeddable":true,"href":"https:\/\/pci-internationalconsulting.com\/en\/wp-json\/wp\/v2\/users\/1"}],"replies":[{"embeddable":true,"href":"https:\/\/pci-internationalconsulting.com\/en\/wp-json\/wp\/v2\/comments?post=40"}],"version-history":[{"count":0,"href":"https:\/\/pci-internationalconsulting.com\/en\/wp-json\/wp\/v2\/pages\/40\/revisions"}],"wp:attachment":[{"href":"https:\/\/pci-internationalconsulting.com\/en\/wp-json\/wp\/v2\/media?parent=40"}],"curies":[{"name":"wp","href":"https:\/\/api.w.org\/{rel}","templated":true}]}}