{"id":45,"date":"2021-05-07T17:22:24","date_gmt":"2021-05-07T17:22:24","guid":{"rendered":"http:\/\/pci-internationalconsulting.com\/?page_id=45"},"modified":"2021-05-28T11:17:03","modified_gmt":"2021-05-28T11:17:03","slug":"about","status":"publish","type":"page","link":"https:\/\/pci-internationalconsulting.com\/en\/about\/","title":{"rendered":"About"},"content":{"rendered":"<p>The firm's philosophy of action is multidisciplinary which involves better representativeness of the different variants of African, Caribbean and Pacific (ACP) and European States, and of social components. This is why P.C.I. International Consulting is permanently based on a network of about twenty permanent consultants specialized in multiple fields, available and having knowledge of the field of ACP countries.<\/p>\n\n\n\n<p>P.C.I. International Consulting &amp; Services offre une expertise vari\u00e9e (avocats, juristes, \u00e9conomistes, financiers, sociologues d\u2019entreprises, entrepreneurs, consultants sp\u00e9cialis\u00e9s dans les relations EU-ACP et USA-Afrique); il offre \u00e9galement des services divers allant du secr\u00e9tariat \u00e0 la traduction en diverses langues (anglais, fran\u00e7ais, espagnol, etc.).<\/p>","protected":false},"excerpt":{"rendered":"<p>La philosophie d\u2019action du cabinet est la multidisciplinarit\u00e9 qui passe par une meilleure repr\u00e9sentativit\u00e9 des diff\u00e9rentes variantes des Etats d\u2019Afrique, des Cara\u00efbes et du Pacifique (ACP) et europ\u00e9ens, et des composantes sociales. C\u2019est pourquoi P.C.I. International Consulting repose en permanence sur un r\u00e9seau d\u2019une vingtaine de consultants permanents sp\u00e9cialis\u00e9s dans des domaines multiples, disponibles et [&hellip;]<\/p>","protected":false},"author":1,"featured_media":80,"parent":0,"menu_order":0,"comment_status":"closed","ping_status":"closed","template":"","meta":{"footnotes":""},"class_list":["post-45","page","type-page","status-publish","has-post-thumbnail","hentry"],"yoast_head":"<!-- This site is optimized with the Yoast SEO plugin v20.13 - https:\/\/yoast.com\/wordpress\/plugins\/seo\/ -->\n<title>A Propos | PCI International Consulting &amp; Services<\/title>\n<meta name=\"description\" content=\"P.C.I. International Consulting offre une expertise vari\u00e9e (avocats, juristes, \u00e9conomistes, financiers, sociologues d\u2019entreprises, entrepreneurs, consultants sp\u00e9cialis\u00e9s dans les relations EU-ACP et USA-Afrique)\" \/>\n<meta name=\"robots\" content=\"index, follow, max-snippet:-1, max-image-preview:large, max-video-preview:-1\" \/>\n<link rel=\"canonical\" href=\"https:\/\/pci-internationalconsulting.com\/en\/about\/\" \/>\n<meta property=\"og:locale\" content=\"en_US\" \/>\n<meta property=\"og:type\" content=\"article\" \/>\n<meta property=\"og:title\" content=\"A Propos | PCI International Consulting &amp; Services\" \/>\n<meta property=\"og:description\" content=\"P.C.I. International Consulting offre une expertise vari\u00e9e (avocats, juristes, \u00e9conomistes, financiers, sociologues d\u2019entreprises, entrepreneurs, consultants sp\u00e9cialis\u00e9s dans les relations EU-ACP et USA-Afrique)\" \/>\n<meta property=\"og:url\" content=\"https:\/\/pci-internationalconsulting.com\/en\/about\/\" \/>\n<meta property=\"og:site_name\" content=\"PCI International Consulting &amp; Services\" \/>\n<meta property=\"article:modified_time\" content=\"2021-05-28T11:17:03+00:00\" \/>\n<meta property=\"og:image\" content=\"https:\/\/pci-internationalconsulting.com\/wp-content\/uploads\/2021\/05\/pexels-oleg-magni-1005644-scaled.jpg\" \/>\n\t<meta property=\"og:image:width\" content=\"1920\" \/>\n\t<meta property=\"og:image:height\" content=\"2560\" \/>\n\t<meta property=\"og:image:type\" content=\"image\/jpeg\" \/>\n<meta name=\"twitter:card\" content=\"summary_large_image\" \/>\n<meta name=\"twitter:label1\" content=\"Est. reading time\" \/>\n\t<meta name=\"twitter:data1\" content=\"1 minute\" \/>\n<script type=\"application\/ld+json\" class=\"yoast-schema-graph\">{\"@context\":\"https:\/\/schema.org\",\"@graph\":[{\"@type\":\"WebPage\",\"@id\":\"https:\/\/pci-internationalconsulting.com\/about\/\",\"url\":\"https:\/\/pci-internationalconsulting.com\/about\/\",\"name\":\"A Propos | PCI International Consulting &amp; Services\",\"isPartOf\":{\"@id\":\"https:\/\/pci-internationalconsulting.com\/#website\"},\"datePublished\":\"2021-05-07T17:22:24+00:00\",\"dateModified\":\"2021-05-28T11:17:03+00:00\",\"description\":\"P.C.I. International Consulting offre une expertise vari\u00e9e (avocats, juristes, \u00e9conomistes, financiers, sociologues d\u2019entreprises, entrepreneurs, consultants sp\u00e9cialis\u00e9s dans les relations EU-ACP et USA-Afrique)\",\"breadcrumb\":{\"@id\":\"https:\/\/pci-internationalconsulting.com\/about\/#breadcrumb\"},\"inLanguage\":\"en-US\",\"potentialAction\":[{\"@type\":\"ReadAction\",\"target\":[\"https:\/\/pci-internationalconsulting.com\/about\/\"]}]},{\"@type\":\"BreadcrumbList\",\"@id\":\"https:\/\/pci-internationalconsulting.com\/about\/#breadcrumb\",\"itemListElement\":[{\"@type\":\"ListItem\",\"position\":1,\"name\":\"Accueil\",\"item\":\"https:\/\/pci-internationalconsulting.com\/\"},{\"@type\":\"ListItem\",\"position\":2,\"name\":\"A Propos\"}]},{\"@type\":\"WebSite\",\"@id\":\"https:\/\/pci-internationalconsulting.com\/#website\",\"url\":\"https:\/\/pci-internationalconsulting.com\/\",\"name\":\"PCI International Consulting &amp; Services\",\"description\":\"Le Cabinet P.C.I. International Consulting &amp; Services est un cabinet sp\u00e9cialis\u00e9 en comp\u00e9titivit\u00e9 \u00e9conomique, entrepreneuriat, gouvernance et d\u00e9veloppement international (Coop\u00e9ration au d\u00e9veloppement).\",\"publisher\":{\"@id\":\"https:\/\/pci-internationalconsulting.com\/#organization\"},\"potentialAction\":[{\"@type\":\"SearchAction\",\"target\":{\"@type\":\"EntryPoint\",\"urlTemplate\":\"https:\/\/pci-internationalconsulting.com\/?s={search_term_string}\"},\"query-input\":\"required name=search_term_string\"}],\"inLanguage\":\"en-US\"},{\"@type\":\"Organization\",\"@id\":\"https:\/\/pci-internationalconsulting.com\/#organization\",\"name\":\"PCI International Consulting\",\"url\":\"https:\/\/pci-internationalconsulting.com\/\",\"logo\":{\"@type\":\"ImageObject\",\"inLanguage\":\"en-US\",\"@id\":\"https:\/\/pci-internationalconsulting.com\/#\/schema\/logo\/image\/\",\"url\":\"http:\/\/pci-internationalconsulting.com\/wp-content\/uploads\/2021\/04\/cropped-Groupe-11-1.png\",\"contentUrl\":\"http:\/\/pci-internationalconsulting.com\/wp-content\/uploads\/2021\/04\/cropped-Groupe-11-1.png\",\"width\":512,\"height\":512,\"caption\":\"PCI International Consulting\"},\"image\":{\"@id\":\"https:\/\/pci-internationalconsulting.com\/#\/schema\/logo\/image\/\"}}]}<\/script>\n<!-- \/ Yoast SEO plugin. -->","yoast_head_json":{"title":"A Propos | PCI International Consulting &amp; Services","description":"P.C.I. International Consulting offre une expertise vari\u00e9e (avocats, juristes, \u00e9conomistes, financiers, sociologues d\u2019entreprises, entrepreneurs, consultants sp\u00e9cialis\u00e9s dans les relations EU-ACP et USA-Afrique)","robots":{"index":"index","follow":"follow","max-snippet":"max-snippet:-1","max-image-preview":"max-image-preview:large","max-video-preview":"max-video-preview:-1"},"canonical":"https:\/\/pci-internationalconsulting.com\/en\/about\/","og_locale":"en_US","og_type":"article","og_title":"A Propos | PCI International Consulting &amp; Services","og_description":"P.C.I. International Consulting offre une expertise vari\u00e9e (avocats, juristes, \u00e9conomistes, financiers, sociologues d\u2019entreprises, entrepreneurs, consultants sp\u00e9cialis\u00e9s dans les relations EU-ACP et USA-Afrique)","og_url":"https:\/\/pci-internationalconsulting.com\/en\/about\/","og_site_name":"PCI International Consulting &amp; Services","article_modified_time":"2021-05-28T11:17:03+00:00","og_image":[{"width":1920,"height":2560,"url":"https:\/\/pci-internationalconsulting.com\/wp-content\/uploads\/2021\/05\/pexels-oleg-magni-1005644-scaled.jpg","type":"image\/jpeg"}],"twitter_card":"summary_large_image","twitter_misc":{"Est. reading time":"1 minute"},"schema":{"@context":"https:\/\/schema.org","@graph":[{"@type":"WebPage","@id":"https:\/\/pci-internationalconsulting.com\/about\/","url":"https:\/\/pci-internationalconsulting.com\/about\/","name":"A Propos | PCI International Consulting &amp; Services","isPartOf":{"@id":"https:\/\/pci-internationalconsulting.com\/#website"},"datePublished":"2021-05-07T17:22:24+00:00","dateModified":"2021-05-28T11:17:03+00:00","description":"P.C.I. International Consulting offre une expertise vari\u00e9e (avocats, juristes, \u00e9conomistes, financiers, sociologues d\u2019entreprises, entrepreneurs, consultants sp\u00e9cialis\u00e9s dans les relations EU-ACP et USA-Afrique)","breadcrumb":{"@id":"https:\/\/pci-internationalconsulting.com\/about\/#breadcrumb"},"inLanguage":"en-US","potentialAction":[{"@type":"ReadAction","target":["https:\/\/pci-internationalconsulting.com\/about\/"]}]},{"@type":"BreadcrumbList","@id":"https:\/\/pci-internationalconsulting.com\/about\/#breadcrumb","itemListElement":[{"@type":"ListItem","position":1,"name":"Accueil","item":"https:\/\/pci-internationalconsulting.com\/"},{"@type":"ListItem","position":2,"name":"A Propos"}]},{"@type":"WebSite","@id":"https:\/\/pci-internationalconsulting.com\/#website","url":"https:\/\/pci-internationalconsulting.com\/","name":"PCI International Consulting &amp; Services","description":"Le Cabinet P.C.I. International Consulting &amp; Services est un cabinet sp\u00e9cialis\u00e9 en comp\u00e9titivit\u00e9 \u00e9conomique, entrepreneuriat, gouvernance et d\u00e9veloppement international (Coop\u00e9ration au d\u00e9veloppement).","publisher":{"@id":"https:\/\/pci-internationalconsulting.com\/#organization"},"potentialAction":[{"@type":"SearchAction","target":{"@type":"EntryPoint","urlTemplate":"https:\/\/pci-internationalconsulting.com\/?s={search_term_string}"},"query-input":"required name=search_term_string"}],"inLanguage":"en-US"},{"@type":"Organization","@id":"https:\/\/pci-internationalconsulting.com\/#organization","name":"PCI International Consulting","url":"https:\/\/pci-internationalconsulting.com\/","logo":{"@type":"ImageObject","inLanguage":"en-US","@id":"https:\/\/pci-internationalconsulting.com\/#\/schema\/logo\/image\/","url":"http:\/\/pci-internationalconsulting.com\/wp-content\/uploads\/2021\/04\/cropped-Groupe-11-1.png","contentUrl":"http:\/\/pci-internationalconsulting.com\/wp-content\/uploads\/2021\/04\/cropped-Groupe-11-1.png","width":512,"height":512,"caption":"PCI International Consulting"},"image":{"@id":"https:\/\/pci-internationalconsulting.com\/#\/schema\/logo\/image\/"}}]}},"_links":{"self":[{"href":"https:\/\/pci-internationalconsulting.com\/en\/wp-json\/wp\/v2\/pages\/45","targetHints":{"allow":["GET"]}}],"collection":[{"href":"https:\/\/pci-internationalconsulting.com\/en\/wp-json\/wp\/v2\/pages"}],"about":[{"href":"https:\/\/pci-internationalconsulting.com\/en\/wp-json\/wp\/v2\/types\/page"}],"author":[{"embeddable":true,"href":"https:\/\/pci-internationalconsulting.com\/en\/wp-json\/wp\/v2\/users\/1"}],"replies":[{"embeddable":true,"href":"https:\/\/pci-internationalconsulting.com\/en\/wp-json\/wp\/v2\/comments?post=45"}],"version-history":[{"count":2,"href":"https:\/\/pci-internationalconsulting.com\/en\/wp-json\/wp\/v2\/pages\/45\/revisions"}],"predecessor-version":[{"id":104,"href":"https:\/\/pci-internationalconsulting.com\/en\/wp-json\/wp\/v2\/pages\/45\/revisions\/104"}],"wp:featuredmedia":[{"embeddable":true,"href":"https:\/\/pci-internationalconsulting.com\/en\/wp-json\/wp\/v2\/media\/80"}],"wp:attachment":[{"href":"https:\/\/pci-internationalconsulting.com\/en\/wp-json\/wp\/v2\/media?parent=45"}],"curies":[{"name":"wp","href":"https:\/\/api.w.org\/{rel}","templated":true}]}}