{"id":51,"date":"2021-05-07T17:35:08","date_gmt":"2021-05-07T17:35:08","guid":{"rendered":"http:\/\/pci-internationalconsulting.com\/?page_id=51"},"modified":"2021-05-28T11:18:27","modified_gmt":"2021-05-28T11:18:27","slug":"solutions","status":"publish","type":"page","link":"https:\/\/pci-internationalconsulting.com\/en\/solutions\/","title":{"rendered":"Solutions"},"content":{"rendered":"<p>Le Cabinet PCI International Consulting &amp; Services et ses consultants ont conduit en tant que Team Leader les missions suivantes :<\/p>\n\n\n\n<p>to Cameroon and to Central Africa in the negotiations of the Economic Partnership Agreement with the European Union (2005 -2009; 2012);<\/p>\n\n\n\n<p>drafting of the regional aid for trade strategy for Central Africa, on behalf of the African Development Bank (AfDB), 2011-2012);<\/p>\n\n\n\n<p>drafting of the regional integration strategy of the African Development Bank ( AfDB) for Central Africa (August-October 2010) ;<\/p>\n\n\n\n<p>feasibility study of a support program in the Gabonese Republic, returned and validated in March 2009;<\/p>\n\n\n\n<p>Technical assistance for the development of terms of reference for questions of trade, industrial policy, private sector development (GICAM), attractiveness of investments, intellectual property for Cameroon, CAR, Burundi, Equatorial Guinea (2010).<\/p>\n\n\n\n<p>The good knowledge of the economic context of Cameroon and Central Africa has enabled the PCI Cabinet and its consultants to conduct other studies such as the one relating to the harmonization of Cameroon's service offers in negotiations at the POMC and with the European Union (2010) or the assessment of the constraints of access of Cameroonian services to the European market (2012).<\/p>","protected":false},"excerpt":{"rendered":"<p>Le Cabinet PCI International Consulting &amp; Services et ses consultants ont conduit en tant que Team Leader les missions suivantes : l\u2019assistance technique au Cameroun et \u00e0 l\u2019Afrique centrale dans les n\u00e9gociations de l\u2019Accord de partenariat \u00e9conomique avec l\u2019Union europ\u00e9enne (2005-2009; 2012) ; la r\u00e9daction de la strat\u00e9gie r\u00e9gionale d\u2019aide pour le commerce de l\u2019Afrique [&hellip;]<\/p>","protected":false},"author":1,"featured_media":0,"parent":0,"menu_order":0,"comment_status":"closed","ping_status":"closed","template":"","meta":{"footnotes":""},"class_list":["post-51","page","type-page","status-publish","hentry"],"yoast_head":"<!-- This site is optimized with the Yoast SEO plugin v20.13 - https:\/\/yoast.com\/wordpress\/plugins\/seo\/ -->\n<title>Solutions | PCI International Consulting &amp; Services<\/title>\n<meta name=\"robots\" content=\"index, follow, max-snippet:-1, max-image-preview:large, max-video-preview:-1\" \/>\n<link rel=\"canonical\" href=\"https:\/\/pci-internationalconsulting.com\/en\/solutions\/\" \/>\n<meta property=\"og:locale\" content=\"en_US\" \/>\n<meta property=\"og:type\" content=\"article\" \/>\n<meta property=\"og:title\" content=\"Solutions | PCI International Consulting &amp; Services\" \/>\n<meta property=\"og:description\" content=\"Le Cabinet PCI International Consulting &amp; Services et ses consultants ont conduit en tant que Team Leader les missions suivantes : l\u2019assistance technique au Cameroun et \u00e0 l\u2019Afrique centrale dans les n\u00e9gociations de l\u2019Accord de partenariat \u00e9conomique avec l\u2019Union europ\u00e9enne (2005-2009; 2012) ; la r\u00e9daction de la strat\u00e9gie r\u00e9gionale d\u2019aide pour le commerce de l\u2019Afrique [&hellip;]\" \/>\n<meta property=\"og:url\" content=\"https:\/\/pci-internationalconsulting.com\/en\/solutions\/\" \/>\n<meta property=\"og:site_name\" content=\"PCI International Consulting &amp; Services\" \/>\n<meta property=\"article:modified_time\" content=\"2021-05-28T11:18:27+00:00\" \/>\n<meta name=\"twitter:card\" content=\"summary_large_image\" \/>\n<meta name=\"twitter:label1\" content=\"Est. reading time\" \/>\n\t<meta name=\"twitter:data1\" content=\"1 minute\" \/>\n<script type=\"application\/ld+json\" class=\"yoast-schema-graph\">{\"@context\":\"https:\/\/schema.org\",\"@graph\":[{\"@type\":\"WebPage\",\"@id\":\"https:\/\/pci-internationalconsulting.com\/solutions\/\",\"url\":\"https:\/\/pci-internationalconsulting.com\/solutions\/\",\"name\":\"Solutions | PCI International Consulting &amp; Services\",\"isPartOf\":{\"@id\":\"https:\/\/pci-internationalconsulting.com\/#website\"},\"datePublished\":\"2021-05-07T17:35:08+00:00\",\"dateModified\":\"2021-05-28T11:18:27+00:00\",\"breadcrumb\":{\"@id\":\"https:\/\/pci-internationalconsulting.com\/solutions\/#breadcrumb\"},\"inLanguage\":\"en-US\",\"potentialAction\":[{\"@type\":\"ReadAction\",\"target\":[\"https:\/\/pci-internationalconsulting.com\/solutions\/\"]}]},{\"@type\":\"BreadcrumbList\",\"@id\":\"https:\/\/pci-internationalconsulting.com\/solutions\/#breadcrumb\",\"itemListElement\":[{\"@type\":\"ListItem\",\"position\":1,\"name\":\"Accueil\",\"item\":\"https:\/\/pci-internationalconsulting.com\/\"},{\"@type\":\"ListItem\",\"position\":2,\"name\":\"Solutions\"}]},{\"@type\":\"WebSite\",\"@id\":\"https:\/\/pci-internationalconsulting.com\/#website\",\"url\":\"https:\/\/pci-internationalconsulting.com\/\",\"name\":\"PCI International Consulting &amp; Services\",\"description\":\"Le Cabinet P.C.I. International Consulting &amp; Services est un cabinet sp\u00e9cialis\u00e9 en comp\u00e9titivit\u00e9 \u00e9conomique, entrepreneuriat, gouvernance et d\u00e9veloppement international (Coop\u00e9ration au d\u00e9veloppement).\",\"publisher\":{\"@id\":\"https:\/\/pci-internationalconsulting.com\/#organization\"},\"potentialAction\":[{\"@type\":\"SearchAction\",\"target\":{\"@type\":\"EntryPoint\",\"urlTemplate\":\"https:\/\/pci-internationalconsulting.com\/?s={search_term_string}\"},\"query-input\":\"required name=search_term_string\"}],\"inLanguage\":\"en-US\"},{\"@type\":\"Organization\",\"@id\":\"https:\/\/pci-internationalconsulting.com\/#organization\",\"name\":\"PCI International Consulting\",\"url\":\"https:\/\/pci-internationalconsulting.com\/\",\"logo\":{\"@type\":\"ImageObject\",\"inLanguage\":\"en-US\",\"@id\":\"https:\/\/pci-internationalconsulting.com\/#\/schema\/logo\/image\/\",\"url\":\"http:\/\/pci-internationalconsulting.com\/wp-content\/uploads\/2021\/04\/cropped-Groupe-11-1.png\",\"contentUrl\":\"http:\/\/pci-internationalconsulting.com\/wp-content\/uploads\/2021\/04\/cropped-Groupe-11-1.png\",\"width\":512,\"height\":512,\"caption\":\"PCI International Consulting\"},\"image\":{\"@id\":\"https:\/\/pci-internationalconsulting.com\/#\/schema\/logo\/image\/\"}}]}<\/script>\n<!-- \/ Yoast SEO plugin. -->","yoast_head_json":{"title":"Solutions | PCI International Consulting &amp; Services","robots":{"index":"index","follow":"follow","max-snippet":"max-snippet:-1","max-image-preview":"max-image-preview:large","max-video-preview":"max-video-preview:-1"},"canonical":"https:\/\/pci-internationalconsulting.com\/en\/solutions\/","og_locale":"en_US","og_type":"article","og_title":"Solutions | PCI International Consulting &amp; Services","og_description":"Le Cabinet PCI International Consulting &amp; Services et ses consultants ont conduit en tant que Team Leader les missions suivantes : l\u2019assistance technique au Cameroun et \u00e0 l\u2019Afrique centrale dans les n\u00e9gociations de l\u2019Accord de partenariat \u00e9conomique avec l\u2019Union europ\u00e9enne (2005-2009; 2012) ; la r\u00e9daction de la strat\u00e9gie r\u00e9gionale d\u2019aide pour le commerce de l\u2019Afrique [&hellip;]","og_url":"https:\/\/pci-internationalconsulting.com\/en\/solutions\/","og_site_name":"PCI International Consulting &amp; Services","article_modified_time":"2021-05-28T11:18:27+00:00","twitter_card":"summary_large_image","twitter_misc":{"Est. reading time":"1 minute"},"schema":{"@context":"https:\/\/schema.org","@graph":[{"@type":"WebPage","@id":"https:\/\/pci-internationalconsulting.com\/solutions\/","url":"https:\/\/pci-internationalconsulting.com\/solutions\/","name":"Solutions | PCI International Consulting &amp; Services","isPartOf":{"@id":"https:\/\/pci-internationalconsulting.com\/#website"},"datePublished":"2021-05-07T17:35:08+00:00","dateModified":"2021-05-28T11:18:27+00:00","breadcrumb":{"@id":"https:\/\/pci-internationalconsulting.com\/solutions\/#breadcrumb"},"inLanguage":"en-US","potentialAction":[{"@type":"ReadAction","target":["https:\/\/pci-internationalconsulting.com\/solutions\/"]}]},{"@type":"BreadcrumbList","@id":"https:\/\/pci-internationalconsulting.com\/solutions\/#breadcrumb","itemListElement":[{"@type":"ListItem","position":1,"name":"Accueil","item":"https:\/\/pci-internationalconsulting.com\/"},{"@type":"ListItem","position":2,"name":"Solutions"}]},{"@type":"WebSite","@id":"https:\/\/pci-internationalconsulting.com\/#website","url":"https:\/\/pci-internationalconsulting.com\/","name":"PCI International Consulting &amp; Services","description":"Le Cabinet P.C.I. International Consulting &amp; Services est un cabinet sp\u00e9cialis\u00e9 en comp\u00e9titivit\u00e9 \u00e9conomique, entrepreneuriat, gouvernance et d\u00e9veloppement international (Coop\u00e9ration au d\u00e9veloppement).","publisher":{"@id":"https:\/\/pci-internationalconsulting.com\/#organization"},"potentialAction":[{"@type":"SearchAction","target":{"@type":"EntryPoint","urlTemplate":"https:\/\/pci-internationalconsulting.com\/?s={search_term_string}"},"query-input":"required name=search_term_string"}],"inLanguage":"en-US"},{"@type":"Organization","@id":"https:\/\/pci-internationalconsulting.com\/#organization","name":"PCI International Consulting","url":"https:\/\/pci-internationalconsulting.com\/","logo":{"@type":"ImageObject","inLanguage":"en-US","@id":"https:\/\/pci-internationalconsulting.com\/#\/schema\/logo\/image\/","url":"http:\/\/pci-internationalconsulting.com\/wp-content\/uploads\/2021\/04\/cropped-Groupe-11-1.png","contentUrl":"http:\/\/pci-internationalconsulting.com\/wp-content\/uploads\/2021\/04\/cropped-Groupe-11-1.png","width":512,"height":512,"caption":"PCI International Consulting"},"image":{"@id":"https:\/\/pci-internationalconsulting.com\/#\/schema\/logo\/image\/"}}]}},"_links":{"self":[{"href":"https:\/\/pci-internationalconsulting.com\/en\/wp-json\/wp\/v2\/pages\/51","targetHints":{"allow":["GET"]}}],"collection":[{"href":"https:\/\/pci-internationalconsulting.com\/en\/wp-json\/wp\/v2\/pages"}],"about":[{"href":"https:\/\/pci-internationalconsulting.com\/en\/wp-json\/wp\/v2\/types\/page"}],"author":[{"embeddable":true,"href":"https:\/\/pci-internationalconsulting.com\/en\/wp-json\/wp\/v2\/users\/1"}],"replies":[{"embeddable":true,"href":"https:\/\/pci-internationalconsulting.com\/en\/wp-json\/wp\/v2\/comments?post=51"}],"version-history":[{"count":2,"href":"https:\/\/pci-internationalconsulting.com\/en\/wp-json\/wp\/v2\/pages\/51\/revisions"}],"predecessor-version":[{"id":106,"href":"https:\/\/pci-internationalconsulting.com\/en\/wp-json\/wp\/v2\/pages\/51\/revisions\/106"}],"wp:attachment":[{"href":"https:\/\/pci-internationalconsulting.com\/en\/wp-json\/wp\/v2\/media?parent=51"}],"curies":[{"name":"wp","href":"https:\/\/api.w.org\/{rel}","templated":true}]}}